{"id":6870,"date":"2025-02-25T17:23:06","date_gmt":"2025-02-25T17:23:06","guid":{"rendered":"https:\/\/segurosconstitucion.com\/?page_id=6870"},"modified":"2025-05-19T19:53:17","modified_gmt":"2025-05-19T19:53:17","slug":"defensa-del-asegurado","status":"publish","type":"page","link":"https:\/\/segurosconstitucion.com\/?page_id=6870","title":{"rendered":"Defensa del Asegurado"},"content":{"rendered":"\t\t<div data-elementor-type=\"wp-page\" data-elementor-id=\"6870\" class=\"elementor elementor-6870\">\n\t\t\t\t<div class=\"elementor-element elementor-element-3b757740 e-con-full e-flex e-con e-parent\" data-id=\"3b757740\" data-element_type=\"container\" data-settings=\"{&quot;background_background&quot;:&quot;classic&quot;}\">\n\t\t\t\t<div class=\"elementor-element elementor-element-4157b119 elementor-widget__width-initial elementor-widget-mobile__width-initial elementor-widget elementor-widget-heading\" data-id=\"4157b119\" data-element_type=\"widget\" data-widget_type=\"heading.default\">\n\t\t\t\t<div class=\"elementor-widget-container\">\n\t\t\t<style>\/*! elementor - v3.21.0 - 30-04-2024 *\/\n.elementor-heading-title{padding:0;margin:0;line-height:1}.elementor-widget-heading .elementor-heading-title[class*=elementor-size-]>a{color:inherit;font-size:inherit;line-height:inherit}.elementor-widget-heading .elementor-heading-title.elementor-size-small{font-size:15px}.elementor-widget-heading .elementor-heading-title.elementor-size-medium{font-size:19px}.elementor-widget-heading .elementor-heading-title.elementor-size-large{font-size:29px}.elementor-widget-heading .elementor-heading-title.elementor-size-xl{font-size:39px}.elementor-widget-heading .elementor-heading-title.elementor-size-xxl{font-size:59px}<\/style><h1 class=\"elementor-heading-title elementor-size-default\">Unidad de Defensa al Asegurado<\/h1>\t\t<\/div>\n\t\t\t\t<\/div>\n\t\t\t\t<\/div>\n\t\t<div class=\"elementor-element elementor-element-2ca137c e-flex e-con-boxed e-con e-parent\" data-id=\"2ca137c\" data-element_type=\"container\">\n\t\t\t\t\t<div class=\"e-con-inner\">\n\t\t\t\t\t<\/div>\n\t\t\t\t<\/div>\n\t\t<div class=\"elementor-element elementor-element-34ce4f3 e-flex e-con-boxed e-con e-parent\" data-id=\"34ce4f3\" data-element_type=\"container\">\n\t\t\t\t\t<div class=\"e-con-inner\">\n\t\t\t\t\t<\/div>\n\t\t\t\t<\/div>\n\t\t<div class=\"elementor-element elementor-element-7138d55 e-flex e-con-boxed e-con e-parent\" data-id=\"7138d55\" data-element_type=\"container\">\n\t\t\t\t\t<div class=\"e-con-inner\">\n\t\t\t\t<div class=\"elementor-element elementor-element-73aa4ff elementor-widget elementor-widget-text-editor\" data-id=\"73aa4ff\" data-element_type=\"widget\" data-widget_type=\"text-editor.default\">\n\t\t\t\t<div class=\"elementor-widget-container\">\n\t\t\t<style>\/*! elementor - v3.21.0 - 30-04-2024 *\/\n.elementor-widget-text-editor.elementor-drop-cap-view-stacked .elementor-drop-cap{background-color:#69727d;color:#fff}.elementor-widget-text-editor.elementor-drop-cap-view-framed .elementor-drop-cap{color:#69727d;border:3px solid;background-color:transparent}.elementor-widget-text-editor:not(.elementor-drop-cap-view-default) .elementor-drop-cap{margin-top:8px}.elementor-widget-text-editor:not(.elementor-drop-cap-view-default) .elementor-drop-cap-letter{width:1em;height:1em}.elementor-widget-text-editor .elementor-drop-cap{float:left;text-align:center;line-height:1;font-size:50px}.elementor-widget-text-editor .elementor-drop-cap-letter{display:inline-block}<\/style>\t\t\t\t<p>En el marco de la Ley de la Actividad Aseguradora de Venezuela, la Unidad de Defensa ejerce un rol primordial en la protecci\u00f3n de los derechos y garant\u00edas de los asegurados.<\/p>\n<p><span style=\"color: var( --e-global-color-text ); font-family: var( --e-global-typography-text-font-family ), Sans-serif; font-weight: var( --e-global-typography-text-font-weight ); text-align: var(--text-align); font-size: 1rem;\">La Unidad de Defensa tiene como funci\u00f3n principal atender y gestionar las denuncias, reclamos o quejas presentadas por tomadores, asegurados, beneficiarios, contratantes, usuarios y afiliados de la actividad aseguradora. Estas reclamaciones deben estar relacionadas con contratos de seguros y dem\u00e1s actividades y obligaciones derivadas de la legislaci\u00f3n vigente.<\/span><\/p>\n<p><span style=\"color: var( --e-global-color-text ); font-family: var( --e-global-typography-text-font-family ), Sans-serif; font-weight: var( --e-global-typography-text-font-weight ); text-align: var(--text-align); font-size: 1rem;\">El compromiso de la Unidad de Defensa es fundamental para fortalecer la confianza en el sistema de seguros. Invitamos a todos nuestros asegurados a informarse y a utilizar los servicios que ofrecemos, garantizando as\u00ed una experiencia m\u00e1s satisfactoria en el \u00e1mbito asegurador.<\/span><\/p>\n<p>Para contactarnos, ponemos a su disposici\u00f3n los siguientes canales:<\/p>\n<p>Correo electr\u00f3nico:&nbsp;<span style=\"color: #003366;\"><a style=\"color: #003366;\" href=\"mailto:defensor.a.segurosconstitucion@gmail.com\">defensor.a.segurosconstitucion@gmail.com<\/a><\/span><\/p>\n<p>Tel\u00e9fono: <span style=\"color: #003366;\">0424-4427073<\/span><\/p><p><span style=\"color: #003366;\"><br><\/span><\/p>\n<p><\/p>\n<p style=\"text-align: center;\">Aprobada por la <strong>SUDEASEG<\/strong> bajo el c\u00f3digo <strong>TVP-2025-0547<\/strong><\/p>\t\t\t\t\t\t<\/div>\n\t\t\t\t<\/div>\n\t\t\t\t\t<\/div>\n\t\t\t\t<\/div>\n\t\t<div class=\"elementor-element elementor-element-49f667e9 e-flex e-con-boxed e-con e-parent\" data-id=\"49f667e9\" data-element_type=\"container\" data-settings=\"{&quot;background_background&quot;:&quot;classic&quot;}\">\n\t\t\t\t\t<div class=\"e-con-inner\">\n\t\t\t\t<div class=\"elementor-element elementor-element-d76191b elementor-widget__width-initial elementor-widget elementor-widget-text-editor\" data-id=\"d76191b\" data-element_type=\"widget\" data-widget_type=\"text-editor.default\">\n\t\t\t\t<div class=\"elementor-widget-container\">\n\t\t\t\t\t\t\t<p style=\"text-align: right;\">Para mayor informaci\u00f3n comun\u00edcate al<\/p>\t\t\t\t\t\t<\/div>\n\t\t\t\t<\/div>\n\t\t\t\t<div class=\"elementor-element elementor-element-3e8d5baa elementor-widget__width-initial elementor-widget elementor-widget-image\" data-id=\"3e8d5baa\" data-element_type=\"widget\" data-widget_type=\"image.default\">\n\t\t\t\t<div class=\"elementor-widget-container\">\n\t\t\t<style>\/*! elementor - v3.21.0 - 30-04-2024 *\/\n.elementor-widget-image{text-align:center}.elementor-widget-image a{display:inline-block}.elementor-widget-image a img[src$=\".svg\"]{width:48px}.elementor-widget-image img{vertical-align:middle;display:inline-block}<\/style>\t\t\t\t\t\t\t\t\t\t<img decoding=\"async\" width=\"618\" height=\"62\" src=\"https:\/\/segurosconstitucion.com\/wp-content\/uploads\/2023\/09\/call_out0800_2.png\" class=\"attachment-large size-large wp-image-3851\" alt=\"\" srcset=\"https:\/\/segurosconstitucion.com\/wp-content\/uploads\/2023\/09\/call_out0800_2.png 618w, https:\/\/segurosconstitucion.com\/wp-content\/uploads\/2023\/09\/call_out0800_2-300x30.png 300w\" sizes=\"(max-width: 618px) 100vw, 618px\" \/>\t\t\t\t\t\t\t\t\t\t\t\t\t<\/div>\n\t\t\t\t<\/div>\n\t\t\t\t\t<\/div>\n\t\t\t\t<\/div>\n\t\t\t\t<\/div>\n\t\t","protected":false},"excerpt":{"rendered":"<p>Unidad de Defensa al Asegurado En el marco de la Ley de la Actividad Aseguradora de Venezuela, la Unidad de Defensa ejerce un rol primordial en la protecci\u00f3n de los derechos y garant\u00edas de los asegurados. La Unidad de Defensa tiene como funci\u00f3n principal atender y gestionar las denuncias, reclamos o quejas presentadas por tomadores, [&hellip;]<\/p>\n","protected":false},"author":2,"featured_media":0,"parent":0,"menu_order":0,"comment_status":"closed","ping_status":"closed","template":"elementor_header_footer","meta":{"footnotes":""},"folder":[],"class_list":["post-6870","page","type-page","status-publish","hentry"],"_links":{"self":[{"href":"https:\/\/segurosconstitucion.com\/index.php?rest_route=\/wp\/v2\/pages\/6870","targetHints":{"allow":["GET"]}}],"collection":[{"href":"https:\/\/segurosconstitucion.com\/index.php?rest_route=\/wp\/v2\/pages"}],"about":[{"href":"https:\/\/segurosconstitucion.com\/index.php?rest_route=\/wp\/v2\/types\/page"}],"author":[{"embeddable":true,"href":"https:\/\/segurosconstitucion.com\/index.php?rest_route=\/wp\/v2\/users\/2"}],"replies":[{"embeddable":true,"href":"https:\/\/segurosconstitucion.com\/index.php?rest_route=%2Fwp%2Fv2%2Fcomments&post=6870"}],"version-history":[{"count":43,"href":"https:\/\/segurosconstitucion.com\/index.php?rest_route=\/wp\/v2\/pages\/6870\/revisions"}],"predecessor-version":[{"id":6959,"href":"https:\/\/segurosconstitucion.com\/index.php?rest_route=\/wp\/v2\/pages\/6870\/revisions\/6959"}],"wp:attachment":[{"href":"https:\/\/segurosconstitucion.com\/index.php?rest_route=%2Fwp%2Fv2%2Fmedia&parent=6870"}],"wp:term":[{"taxonomy":"folder","embeddable":true,"href":"https:\/\/segurosconstitucion.com\/index.php?rest_route=%2Fwp%2Fv2%2Ffolder&post=6870"}],"curies":[{"name":"wp","href":"https:\/\/api.w.org\/{rel}","templated":true}]}}