{"id":4958,"date":"2023-09-27T18:31:13","date_gmt":"2023-09-27T18:31:13","guid":{"rendered":"https:\/\/segurosconstitucion.com\/?page_id=4958"},"modified":"2024-11-07T02:23:56","modified_gmt":"2024-11-07T02:23:56","slug":"enlaces","status":"publish","type":"page","link":"https:\/\/segurosconstitucion.com\/?page_id=4958","title":{"rendered":"Enlaces"},"content":{"rendered":"\t\t<div data-elementor-type=\"wp-page\" data-elementor-id=\"4958\" class=\"elementor elementor-4958\">\n\t\t\t\t<div class=\"elementor-element elementor-element-5be21c4e e-con-full e-flex e-con e-parent\" data-id=\"5be21c4e\" data-element_type=\"container\" data-settings=\"{&quot;background_background&quot;:&quot;classic&quot;}\">\n\t\t\t\t<div class=\"elementor-element elementor-element-18c9650a elementor-widget__width-initial elementor-widget-mobile__width-initial elementor-widget elementor-widget-heading\" data-id=\"18c9650a\" data-element_type=\"widget\" data-widget_type=\"heading.default\">\n\t\t\t\t<div class=\"elementor-widget-container\">\n\t\t\t<style>\/*! elementor - v3.21.0 - 30-04-2024 *\/\n.elementor-heading-title{padding:0;margin:0;line-height:1}.elementor-widget-heading .elementor-heading-title[class*=elementor-size-]>a{color:inherit;font-size:inherit;line-height:inherit}.elementor-widget-heading .elementor-heading-title.elementor-size-small{font-size:15px}.elementor-widget-heading .elementor-heading-title.elementor-size-medium{font-size:19px}.elementor-widget-heading .elementor-heading-title.elementor-size-large{font-size:29px}.elementor-widget-heading .elementor-heading-title.elementor-size-xl{font-size:39px}.elementor-widget-heading .elementor-heading-title.elementor-size-xxl{font-size:59px}<\/style><h2 class=\"elementor-heading-title elementor-size-default\">INNOVAMOS PARA SERVIR<\/h2>\t\t<\/div>\n\t\t\t\t<\/div>\n\t\t\t\t<\/div>\n\t\t<div class=\"elementor-element elementor-element-e7f5d9e e-flex e-con-boxed e-con e-parent\" data-id=\"e7f5d9e\" data-element_type=\"container\">\n\t\t\t\t\t<div class=\"e-con-inner\">\n\t\t\t\t<div class=\"elementor-element elementor-element-3e363644 elementor-widget elementor-widget-image\" data-id=\"3e363644\" data-element_type=\"widget\" data-widget_type=\"image.default\">\n\t\t\t\t<div class=\"elementor-widget-container\">\n\t\t\t<style>\/*! elementor - v3.21.0 - 30-04-2024 *\/\n.elementor-widget-image{text-align:center}.elementor-widget-image a{display:inline-block}.elementor-widget-image a img[src$=\".svg\"]{width:48px}.elementor-widget-image img{vertical-align:middle;display:inline-block}<\/style>\t\t\t\t\t\t\t\t\t\t<img decoding=\"async\" width=\"478\" height=\"100\" src=\"https:\/\/segurosconstitucion.com\/wp-content\/uploads\/titulo_enlaces.png\" class=\"attachment-large size-large wp-image-4960\" alt=\"\" \/>\t\t\t\t\t\t\t\t\t\t\t\t\t<\/div>\n\t\t\t\t<\/div>\n\t\t\t\t<div class=\"elementor-element elementor-element-3a408d20 elementor-widget elementor-widget-text-editor\" data-id=\"3a408d20\" data-element_type=\"widget\" data-widget_type=\"text-editor.default\">\n\t\t\t\t<div class=\"elementor-widget-container\">\n\t\t\t<style>\/*! elementor - v3.21.0 - 30-04-2024 *\/\n.elementor-widget-text-editor.elementor-drop-cap-view-stacked .elementor-drop-cap{background-color:#69727d;color:#fff}.elementor-widget-text-editor.elementor-drop-cap-view-framed .elementor-drop-cap{color:#69727d;border:3px solid;background-color:transparent}.elementor-widget-text-editor:not(.elementor-drop-cap-view-default) .elementor-drop-cap{margin-top:8px}.elementor-widget-text-editor:not(.elementor-drop-cap-view-default) .elementor-drop-cap-letter{width:1em;height:1em}.elementor-widget-text-editor .elementor-drop-cap{float:left;text-align:center;line-height:1;font-size:50px}.elementor-widget-text-editor .elementor-drop-cap-letter{display:inline-block}<\/style>\t\t\t\t<style>\n    ul li a {\n      color: #6D93C1;\n<\/style>\n<ul>\n \t<li style=\"text-align: left;\"><a href=\"https:\/\/www.sudeaseg.gob.ve\/\">Superintendencia de la Actividad Aseguradora<\/a><\/li>\n \t<li style=\"text-align: left;\"><a href=\"http:\/\/www.camaraseg.org\/\">C\u00e1mara de Aseguradores de Venezuela<\/a><\/li>\n \t<li style=\"text-align: left;\"><a href=\"http:\/\/www.fideseguros.com\/\">Federaci\u00f3n Interamericana de Empresas de Seguro<\/a><\/li>\n \t<li style=\"text-align: left;\"><a href=\"https:\/\/forms.gle\/2MmfbaCGDAciheZ58\">Log &#8211; Seguro Constituci\u00f3n<\/a><\/li>\n<\/ul>\t\t\t\t\t\t<\/div>\n\t\t\t\t<\/div>\n\t\t\t\t\t<\/div>\n\t\t\t\t<\/div>\n\t\t\t\t<\/div>\n\t\t","protected":false},"excerpt":{"rendered":"<p>INNOVAMOS PARA SERVIR Superintendencia de la Actividad Aseguradora C\u00e1mara de Aseguradores de Venezuela Federaci\u00f3n Interamericana de Empresas de Seguro Log &#8211; Seguro Constituci\u00f3n<\/p>\n","protected":false},"author":2,"featured_media":0,"parent":0,"menu_order":0,"comment_status":"closed","ping_status":"closed","template":"elementor_header_footer","meta":{"footnotes":""},"folder":[],"class_list":["post-4958","page","type-page","status-publish","hentry"],"_links":{"self":[{"href":"https:\/\/segurosconstitucion.com\/index.php?rest_route=\/wp\/v2\/pages\/4958","targetHints":{"allow":["GET"]}}],"collection":[{"href":"https:\/\/segurosconstitucion.com\/index.php?rest_route=\/wp\/v2\/pages"}],"about":[{"href":"https:\/\/segurosconstitucion.com\/index.php?rest_route=\/wp\/v2\/types\/page"}],"author":[{"embeddable":true,"href":"https:\/\/segurosconstitucion.com\/index.php?rest_route=\/wp\/v2\/users\/2"}],"replies":[{"embeddable":true,"href":"https:\/\/segurosconstitucion.com\/index.php?rest_route=%2Fwp%2Fv2%2Fcomments&post=4958"}],"version-history":[{"count":31,"href":"https:\/\/segurosconstitucion.com\/index.php?rest_route=\/wp\/v2\/pages\/4958\/revisions"}],"predecessor-version":[{"id":6849,"href":"https:\/\/segurosconstitucion.com\/index.php?rest_route=\/wp\/v2\/pages\/4958\/revisions\/6849"}],"wp:attachment":[{"href":"https:\/\/segurosconstitucion.com\/index.php?rest_route=%2Fwp%2Fv2%2Fmedia&parent=4958"}],"wp:term":[{"taxonomy":"folder","embeddable":true,"href":"https:\/\/segurosconstitucion.com\/index.php?rest_route=%2Fwp%2Fv2%2Ffolder&post=4958"}],"curies":[{"name":"wp","href":"https:\/\/api.w.org\/{rel}","templated":true}]}}