{"id":4957,"date":"2023-09-27T18:30:46","date_gmt":"2023-09-27T18:30:46","guid":{"rendered":"https:\/\/segurosconstitucion.com\/?page_id=4957"},"modified":"2023-12-21T15:30:59","modified_gmt":"2023-12-21T15:30:59","slug":"formas-de-pago","status":"publish","type":"page","link":"https:\/\/segurosconstitucion.com\/?page_id=4957","title":{"rendered":"Formas de pago"},"content":{"rendered":"\t\t<div data-elementor-type=\"wp-page\" data-elementor-id=\"4957\" class=\"elementor elementor-4957\">\n\t\t\t\t<div class=\"elementor-element elementor-element-46fbf99c e-con-full e-flex e-con e-parent\" data-id=\"46fbf99c\" data-element_type=\"container\" data-settings=\"{&quot;background_background&quot;:&quot;classic&quot;}\">\n\t\t\t\t<div class=\"elementor-element elementor-element-21d4db78 elementor-widget__width-initial elementor-widget elementor-widget-heading\" data-id=\"21d4db78\" data-element_type=\"widget\" data-widget_type=\"heading.default\">\n\t\t\t\t<div class=\"elementor-widget-container\">\n\t\t\t<style>\/*! elementor - v3.21.0 - 30-04-2024 *\/\n.elementor-heading-title{padding:0;margin:0;line-height:1}.elementor-widget-heading .elementor-heading-title[class*=elementor-size-]>a{color:inherit;font-size:inherit;line-height:inherit}.elementor-widget-heading .elementor-heading-title.elementor-size-small{font-size:15px}.elementor-widget-heading .elementor-heading-title.elementor-size-medium{font-size:19px}.elementor-widget-heading .elementor-heading-title.elementor-size-large{font-size:29px}.elementor-widget-heading .elementor-heading-title.elementor-size-xl{font-size:39px}.elementor-widget-heading .elementor-heading-title.elementor-size-xxl{font-size:59px}<\/style><h2 class=\"elementor-heading-title elementor-size-default\">Formas de Pago<\/h2>\t\t<\/div>\n\t\t\t\t<\/div>\n\t\t\t\t<\/div>\n\t\t<div class=\"elementor-element elementor-element-2ca137c e-flex e-con-boxed e-con e-parent\" data-id=\"2ca137c\" data-element_type=\"container\">\n\t\t\t\t\t<div class=\"e-con-inner\">\n\t\t\t\t<div class=\"elementor-element elementor-element-afa657c elementor-widget elementor-widget-image\" data-id=\"afa657c\" data-element_type=\"widget\" data-widget_type=\"image.default\">\n\t\t\t\t<div class=\"elementor-widget-container\">\n\t\t\t<style>\/*! elementor - v3.21.0 - 30-04-2024 *\/\n.elementor-widget-image{text-align:center}.elementor-widget-image a{display:inline-block}.elementor-widget-image a img[src$=\".svg\"]{width:48px}.elementor-widget-image img{vertical-align:middle;display:inline-block}<\/style>\t\t\t\t\t\t\t\t\t\t<img decoding=\"async\" width=\"478\" height=\"100\" src=\"https:\/\/segurosconstitucion.com\/wp-content\/uploads\/pago_poliza.png\" class=\"attachment-large size-large wp-image-4980\" alt=\"\" \/>\t\t\t\t\t\t\t\t\t\t\t\t\t<\/div>\n\t\t\t\t<\/div>\n\t\t\t\t\t<\/div>\n\t\t\t\t<\/div>\n\t\t<div class=\"elementor-element elementor-element-447df56 e-flex e-con-boxed e-con e-parent\" data-id=\"447df56\" data-element_type=\"container\">\n\t\t\t\t\t<div class=\"e-con-inner\">\n\t\t<div class=\"elementor-element elementor-element-0df2fea e-con-full e-flex e-con e-child\" data-id=\"0df2fea\" data-element_type=\"container\">\n\t\t\t\t<div class=\"elementor-element elementor-element-88916ef elementor-widget elementor-widget-text-editor\" data-id=\"88916ef\" data-element_type=\"widget\" data-widget_type=\"text-editor.default\">\n\t\t\t\t<div class=\"elementor-widget-container\">\n\t\t\t<style>\/*! elementor - v3.21.0 - 30-04-2024 *\/\n.elementor-widget-text-editor.elementor-drop-cap-view-stacked .elementor-drop-cap{background-color:#69727d;color:#fff}.elementor-widget-text-editor.elementor-drop-cap-view-framed .elementor-drop-cap{color:#69727d;border:3px solid;background-color:transparent}.elementor-widget-text-editor:not(.elementor-drop-cap-view-default) .elementor-drop-cap{margin-top:8px}.elementor-widget-text-editor:not(.elementor-drop-cap-view-default) .elementor-drop-cap-letter{width:1em;height:1em}.elementor-widget-text-editor .elementor-drop-cap{float:left;text-align:center;line-height:1;font-size:50px}.elementor-widget-text-editor .elementor-drop-cap-letter{display:inline-block}<\/style>\t\t\t\t<ul><li>Cheques.<\/li><li>Transferencias v\u00eda Web.<\/li><li>Puntos de Ventas (en nuestras sucursales):<ul><li>Tarjeta de Cr\u00e9dito<\/li><li>Tarjeta de D\u00e9bito<\/li><\/ul><\/li><li>Dep\u00f3sitos a trav\u00e9s de nuestras Cuentas Bancarias, ver a continuaci\u00f3n:<\/li><\/ul>\t\t\t\t\t\t<\/div>\n\t\t\t\t<\/div>\n\t\t\t\t<\/div>\n\t\t<div class=\"elementor-element elementor-element-7bdbf26 e-con-full e-flex e-con e-child\" data-id=\"7bdbf26\" data-element_type=\"container\">\n\t\t\t\t<div class=\"elementor-element elementor-element-80e1f3e elementor-widget elementor-widget-text-editor\" data-id=\"80e1f3e\" data-element_type=\"widget\" data-widget_type=\"text-editor.default\">\n\t\t\t\t<div class=\"elementor-widget-container\">\n\t\t\t\t\t\t\t<style>\n.tope-table {color:white;background-color:#6D93C1;}<\/style>\n<div class=\"column one-second column_column \">\n<div class=\"column_attr align_justify\">\n<div class=\"column two-third column_column \">\n<div class=\"column_attr\">\n<div class=\"titulos_fideicomiso\">\n<table>\n<thead>\n<tr class=\"tope-table\">\n<th>\n<h4>Entidad Financiera<\/h4>\n<\/th>\n<th>\n<h4>Tipo de Cuenta<\/h4>\n<\/th>\n<th>\n<h4>No. Cuenta<\/h4>\n<\/th>\n<\/tr>\n<\/thead>\n<tbody>\n<tr>\n<td>Banco Nacional de Cr\u00e9dito.<\/td>\n<td>Corriente<\/td>\n<td>0191-0098-74-2198087979<\/td>\n<\/tr>\n<tr>\n<td>Banesco Banco Universal.<\/td>\n<td>Corriente<\/td>\n<td>0134-0850-58-8503004545<\/td>\n<\/tr>\n<tr>\n<td>Mercantil Banco Universal.<\/td>\n<td>Corriente<\/td>\n<td>0105-0063-01-1063254507<\/td>\n<\/tr>\n<tr>\n<td>Banco de Venezuela.<\/td>\n<td>Corriente<\/td>\n<td>0102-0681-21-0000006020<\/td>\n<\/tr>\n<tr>\n<td>Banco Activo Banco Universal.<\/td>\n<td>Corriente<\/td>\n<td>0171-0002-55-6000757811<\/td>\n<\/tr>\n<\/tbody>\n<\/table>\n<\/div>\n<\/div>\n<\/div>\n<\/div>\n<\/div>\t\t\t\t\t\t<\/div>\n\t\t\t\t<\/div>\n\t\t\t\t<\/div>\n\t\t\t\t\t<\/div>\n\t\t\t\t<\/div>\n\t\t<div class=\"elementor-element elementor-element-50d6bf8 e-flex e-con-boxed e-con e-parent\" data-id=\"50d6bf8\" data-element_type=\"container\">\n\t\t\t\t\t<div class=\"e-con-inner\">\n\t\t\t\t<div class=\"elementor-element elementor-element-14fe329 elementor-widget elementor-widget-image\" data-id=\"14fe329\" data-element_type=\"widget\" data-widget_type=\"image.default\">\n\t\t\t\t<div class=\"elementor-widget-container\">\n\t\t\t\t\t\t\t\t\t\t\t\t\t<img decoding=\"async\" width=\"478\" height=\"100\" src=\"https:\/\/segurosconstitucion.com\/wp-content\/uploads\/Forma_pago_financiamiento.png\" class=\"attachment-large size-large wp-image-4981\" alt=\"\" \/>\t\t\t\t\t\t\t\t\t\t\t\t\t<\/div>\n\t\t\t\t<\/div>\n\t\t\t\t\t<\/div>\n\t\t\t\t<\/div>\n\t\t<div class=\"elementor-element elementor-element-563e395 e-flex e-con-boxed e-con e-parent\" data-id=\"563e395\" data-element_type=\"container\">\n\t\t\t\t\t<div class=\"e-con-inner\">\n\t\t<div class=\"elementor-element elementor-element-04aedaf e-con-full e-flex e-con e-child\" data-id=\"04aedaf\" data-element_type=\"container\">\n\t\t\t\t<div class=\"elementor-element elementor-element-997a699 elementor-widget elementor-widget-text-editor\" data-id=\"997a699\" data-element_type=\"widget\" data-widget_type=\"text-editor.default\">\n\t\t\t\t<div class=\"elementor-widget-container\">\n\t\t\t\t\t\t\t<ul><li>POS en todas las sucursales<ul><li>Banco Occidental de Descuento &#8211; BOD<\/li><li>Banesco Banco Universal<\/li><\/ul><\/li><li>Bancos domiciliados:<ul><li>Banesco Banco Universal<\/li><li>Mercantil Banco Universal<\/li><li>Banco de Venezuelal<\/li><li>BBVA Banco Provincial<\/li><\/ul><\/li><li>Pago directo por la p\u00e1gina Mercantil<ul><li>Portal de Pagos<\/li><\/ul><\/li><li>Dep\u00f3sitos a trav\u00e9s de nuestras Cuentas Bancarias, ver a continuaci\u00f3n:<\/li><\/ul>\t\t\t\t\t\t<\/div>\n\t\t\t\t<\/div>\n\t\t\t\t<\/div>\n\t\t<div class=\"elementor-element elementor-element-45c63fb e-con-full e-flex e-con e-child\" data-id=\"45c63fb\" data-element_type=\"container\">\n\t\t\t\t<div class=\"elementor-element elementor-element-b5df44d elementor-widget elementor-widget-text-editor\" data-id=\"b5df44d\" data-element_type=\"widget\" data-widget_type=\"text-editor.default\">\n\t\t\t\t<div class=\"elementor-widget-container\">\n\t\t\t\t\t\t\t<table><thead><tr class=\"tope-table\"><th><h4>Entidad Financiera<\/h4><\/th><th><h4>Tipo de Cuenta<\/h4><\/th><th><h4>No. Cuenta<\/h4><\/th><\/tr><\/thead><tbody><tr><td>BBVA Banco Provincial.<\/td><td>Corriente<\/td><td>0108-0582-19-0100-03-9899<\/td><\/tr><tr><td>Banco Fondo Com\u00fan.<\/td><td>Corriente<\/td><td>0151-0091-5830-0003-9568<\/td><\/tr><tr><td>Banco Nacional de Cr\u00e9dito.<\/td><td>Corriente<\/td><td>0191-0098-74-2198-08-7853<\/td><\/tr><tr><td>Banco Occidental de Descuento &#8211; BOD.<\/td><td>Corriente<\/td><td>0116-0118-95-0005-34-8200<\/td><\/tr><tr><td>Banesco Banco Universal.<\/td><td>Corriente<\/td><td>0134-0850-53-8503-00-4542<\/td><\/tr><tr><td>Banco de Venezuela.<\/td><td>Corriente<\/td><td>0102-0139-01-0100-03-4924<\/td><\/tr><tr><td>Mercantil Banco Universal.<\/td><td>Corriente<\/td><td>0105-0699-93-1699-05-4827<\/td><\/tr><tr><td>Banco Bicentenario.<\/td><td>Corriente<\/td><td>0175-0322-7900-7096-4521<\/td><\/tr><\/tbody><\/table>\t\t\t\t\t\t<\/div>\n\t\t\t\t<\/div>\n\t\t\t\t<\/div>\n\t\t\t\t\t<\/div>\n\t\t\t\t<\/div>\n\t\t\t\t<\/div>\n\t\t","protected":false},"excerpt":{"rendered":"<p>Formas de Pago Cheques. Transferencias v\u00eda Web. Puntos de Ventas (en nuestras sucursales): Tarjeta de Cr\u00e9dito Tarjeta de D\u00e9bito Dep\u00f3sitos a trav\u00e9s de nuestras Cuentas Bancarias, ver a continuaci\u00f3n: Entidad Financiera Tipo de Cuenta No. Cuenta Banco Nacional de Cr\u00e9dito. Corriente 0191-0098-74-2198087979 Banesco Banco Universal. Corriente 0134-0850-58-8503004545 Mercantil Banco Universal. Corriente 0105-0063-01-1063254507 Banco de Venezuela. [&hellip;]<\/p>\n","protected":false},"author":2,"featured_media":0,"parent":0,"menu_order":0,"comment_status":"closed","ping_status":"closed","template":"elementor_header_footer","meta":{"footnotes":""},"folder":[],"class_list":["post-4957","page","type-page","status-publish","hentry"],"_links":{"self":[{"href":"https:\/\/segurosconstitucion.com\/index.php?rest_route=\/wp\/v2\/pages\/4957","targetHints":{"allow":["GET"]}}],"collection":[{"href":"https:\/\/segurosconstitucion.com\/index.php?rest_route=\/wp\/v2\/pages"}],"about":[{"href":"https:\/\/segurosconstitucion.com\/index.php?rest_route=\/wp\/v2\/types\/page"}],"author":[{"embeddable":true,"href":"https:\/\/segurosconstitucion.com\/index.php?rest_route=\/wp\/v2\/users\/2"}],"replies":[{"embeddable":true,"href":"https:\/\/segurosconstitucion.com\/index.php?rest_route=%2Fwp%2Fv2%2Fcomments&post=4957"}],"version-history":[{"count":13,"href":"https:\/\/segurosconstitucion.com\/index.php?rest_route=\/wp\/v2\/pages\/4957\/revisions"}],"predecessor-version":[{"id":6284,"href":"https:\/\/segurosconstitucion.com\/index.php?rest_route=\/wp\/v2\/pages\/4957\/revisions\/6284"}],"wp:attachment":[{"href":"https:\/\/segurosconstitucion.com\/index.php?rest_route=%2Fwp%2Fv2%2Fmedia&parent=4957"}],"wp:term":[{"taxonomy":"folder","embeddable":true,"href":"https:\/\/segurosconstitucion.com\/index.php?rest_route=%2Fwp%2Fv2%2Ffolder&post=4957"}],"curies":[{"name":"wp","href":"https:\/\/api.w.org\/{rel}","templated":true}]}}