{"id":4766,"date":"2023-09-27T12:07:22","date_gmt":"2023-09-27T12:07:22","guid":{"rendered":"https:\/\/segurosconstitucion.com\/?page_id=4766"},"modified":"2024-10-02T21:13:42","modified_gmt":"2024-10-02T21:13:42","slug":"constidescargas","status":"publish","type":"page","link":"https:\/\/segurosconstitucion.com\/?page_id=4766","title":{"rendered":"ConstiDescargas"},"content":{"rendered":"\t\t<div data-elementor-type=\"wp-page\" data-elementor-id=\"4766\" class=\"elementor elementor-4766\">\n\t\t\t\t<div class=\"elementor-element elementor-element-784dfd45 e-con-full e-flex e-con e-parent\" data-id=\"784dfd45\" data-element_type=\"container\" data-settings=\"{&quot;background_background&quot;:&quot;classic&quot;}\">\n\t\t\t\t<div class=\"elementor-element elementor-element-73f7df9 elementor-widget elementor-widget-heading\" data-id=\"73f7df9\" data-element_type=\"widget\" data-widget_type=\"heading.default\">\n\t\t\t\t<div class=\"elementor-widget-container\">\n\t\t\t<style>\/*! elementor - v3.21.0 - 30-04-2024 *\/\n.elementor-heading-title{padding:0;margin:0;line-height:1}.elementor-widget-heading .elementor-heading-title[class*=elementor-size-]>a{color:inherit;font-size:inherit;line-height:inherit}.elementor-widget-heading .elementor-heading-title.elementor-size-small{font-size:15px}.elementor-widget-heading .elementor-heading-title.elementor-size-medium{font-size:19px}.elementor-widget-heading .elementor-heading-title.elementor-size-large{font-size:29px}.elementor-widget-heading .elementor-heading-title.elementor-size-xl{font-size:39px}.elementor-widget-heading .elementor-heading-title.elementor-size-xxl{font-size:59px}<\/style><h2 class=\"elementor-heading-title elementor-size-default\">LA EMPRESA<\/h2>\t\t<\/div>\n\t\t\t\t<\/div>\n\t\t\t\t<div class=\"elementor-element elementor-element-d552110 elementor-widget__width-inherit elementor-widget elementor-widget-text-editor\" data-id=\"d552110\" data-element_type=\"widget\" data-widget_type=\"text-editor.default\">\n\t\t\t\t<div class=\"elementor-widget-container\">\n\t\t\t<style>\/*! elementor - v3.21.0 - 30-04-2024 *\/\n.elementor-widget-text-editor.elementor-drop-cap-view-stacked .elementor-drop-cap{background-color:#69727d;color:#fff}.elementor-widget-text-editor.elementor-drop-cap-view-framed .elementor-drop-cap{color:#69727d;border:3px solid;background-color:transparent}.elementor-widget-text-editor:not(.elementor-drop-cap-view-default) .elementor-drop-cap{margin-top:8px}.elementor-widget-text-editor:not(.elementor-drop-cap-view-default) .elementor-drop-cap-letter{width:1em;height:1em}.elementor-widget-text-editor .elementor-drop-cap{float:left;text-align:center;line-height:1;font-size:50px}.elementor-widget-text-editor .elementor-drop-cap-letter{display:inline-block}<\/style>\t\t\t\t<p>Profesionales del mercado asegurador con m\u00e1s de <strong>35 a\u00f1os<\/strong> de experiencia en el pa\u00eds.<\/p>\t\t\t\t\t\t<\/div>\n\t\t\t\t<\/div>\n\t\t\t\t<\/div>\n\t\t<div class=\"elementor-element elementor-element-514aec6c e-flex e-con-boxed e-con e-parent\" data-id=\"514aec6c\" data-element_type=\"container\">\n\t\t\t\t\t<div class=\"e-con-inner\">\n\t\t\t\t<div class=\"elementor-element elementor-element-45af8496 elementor-widget elementor-widget-image\" data-id=\"45af8496\" data-element_type=\"widget\" data-widget_type=\"image.default\">\n\t\t\t\t<div class=\"elementor-widget-container\">\n\t\t\t<style>\/*! elementor - v3.21.0 - 30-04-2024 *\/\n.elementor-widget-image{text-align:center}.elementor-widget-image a{display:inline-block}.elementor-widget-image a img[src$=\".svg\"]{width:48px}.elementor-widget-image img{vertical-align:middle;display:inline-block}<\/style>\t\t\t\t\t\t\t\t\t\t<img fetchpriority=\"high\" decoding=\"async\" width=\"543\" height=\"100\" src=\"https:\/\/segurosconstitucion.com\/wp-content\/uploads\/constidescargas.png\" class=\"attachment-large size-large wp-image-4768\" alt=\"\" \/>\t\t\t\t\t\t\t\t\t\t\t\t\t<\/div>\n\t\t\t\t<\/div>\n\t\t\t\t<div class=\"elementor-element elementor-element-39ac308b elementor-widget elementor-widget-text-editor\" data-id=\"39ac308b\" data-element_type=\"widget\" data-widget_type=\"text-editor.default\">\n\t\t\t\t<div class=\"elementor-widget-container\">\n\t\t\t\t\t\t\t<p>Para tu comodidad, ofrecemos los condicionados generales y las planillas de solicitud de p\u00f3lizas, notificaciones de siniestros y domiciliaci\u00f3n de nuestros productos y servicios.<\/p>\t\t\t\t\t\t<\/div>\n\t\t\t\t<\/div>\n\t\t\t\t\t<\/div>\n\t\t\t\t<\/div>\n\t\t<div class=\"elementor-element elementor-element-07d8560 e-flex e-con-boxed e-con e-parent\" data-id=\"07d8560\" data-element_type=\"container\">\n\t\t\t\t\t<div class=\"e-con-inner\">\n\t\t\t\t<div class=\"elementor-element elementor-element-8429e0b elementor-widget elementor-widget-image\" data-id=\"8429e0b\" data-element_type=\"widget\" id=\"b_planillas\" data-widget_type=\"image.default\">\n\t\t\t\t<div class=\"elementor-widget-container\">\n\t\t\t\t\t\t\t\t\t\t\t\t\t\t<a href=\"https:\/\/segurosconstitucion.com\/?page_id=4815\">\n\t\t\t\t\t\t\t<img decoding=\"async\" width=\"190\" height=\"190\" src=\"https:\/\/segurosconstitucion.com\/wp-content\/uploads\/logo_planillas.png\" class=\"attachment-large size-large wp-image-4773\" alt=\"\" \/>\t\t\t\t\t\t\t\t<\/a>\n\t\t\t\t\t\t\t\t\t\t\t\t\t<\/div>\n\t\t\t\t<\/div>\n\t\t\t\t<div class=\"elementor-element elementor-element-9c29c07 elementor-widget elementor-widget-image\" data-id=\"9c29c07\" data-element_type=\"widget\" id=\"b_condicionados\" data-widget_type=\"image.default\">\n\t\t\t\t<div class=\"elementor-widget-container\">\n\t\t\t\t\t\t\t\t\t\t\t\t\t\t<a href=\"https:\/\/segurosconstitucion.com\/?page_id=4859\">\n\t\t\t\t\t\t\t<img decoding=\"async\" width=\"190\" height=\"190\" src=\"https:\/\/segurosconstitucion.com\/wp-content\/uploads\/logo_condicionados.png\" class=\"attachment-large size-large wp-image-4775\" alt=\"\" \/>\t\t\t\t\t\t\t\t<\/a>\n\t\t\t\t\t\t\t\t\t\t\t\t\t<\/div>\n\t\t\t\t<\/div>\n\t\t\t\t\t<\/div>\n\t\t\t\t<\/div>\n\t\t\t\t<\/div>\n\t\t","protected":false},"excerpt":{"rendered":"<p>LA EMPRESA Profesionales del mercado asegurador con m\u00e1s de 35 a\u00f1os de experiencia en el pa\u00eds. Para tu comodidad, ofrecemos los condicionados generales y las planillas de solicitud de p\u00f3lizas, notificaciones de siniestros y domiciliaci\u00f3n de nuestros productos y servicios.<\/p>\n","protected":false},"author":2,"featured_media":0,"parent":0,"menu_order":0,"comment_status":"closed","ping_status":"closed","template":"elementor_header_footer","meta":{"footnotes":""},"folder":[],"class_list":["post-4766","page","type-page","status-publish","hentry"],"_links":{"self":[{"href":"https:\/\/segurosconstitucion.com\/index.php?rest_route=\/wp\/v2\/pages\/4766","targetHints":{"allow":["GET"]}}],"collection":[{"href":"https:\/\/segurosconstitucion.com\/index.php?rest_route=\/wp\/v2\/pages"}],"about":[{"href":"https:\/\/segurosconstitucion.com\/index.php?rest_route=\/wp\/v2\/types\/page"}],"author":[{"embeddable":true,"href":"https:\/\/segurosconstitucion.com\/index.php?rest_route=\/wp\/v2\/users\/2"}],"replies":[{"embeddable":true,"href":"https:\/\/segurosconstitucion.com\/index.php?rest_route=%2Fwp%2Fv2%2Fcomments&post=4766"}],"version-history":[{"count":88,"href":"https:\/\/segurosconstitucion.com\/index.php?rest_route=\/wp\/v2\/pages\/4766\/revisions"}],"predecessor-version":[{"id":6833,"href":"https:\/\/segurosconstitucion.com\/index.php?rest_route=\/wp\/v2\/pages\/4766\/revisions\/6833"}],"wp:attachment":[{"href":"https:\/\/segurosconstitucion.com\/index.php?rest_route=%2Fwp%2Fv2%2Fmedia&parent=4766"}],"wp:term":[{"taxonomy":"folder","embeddable":true,"href":"https:\/\/segurosconstitucion.com\/index.php?rest_route=%2Fwp%2Fv2%2Ffolder&post=4766"}],"curies":[{"name":"wp","href":"https:\/\/api.w.org\/{rel}","templated":true}]}}