{"id":4634,"date":"2023-09-21T14:24:03","date_gmt":"2023-09-21T14:24:03","guid":{"rendered":"https:\/\/segurosconstitucion.com\/?page_id=4634"},"modified":"2023-12-21T14:49:05","modified_gmt":"2023-12-21T14:49:05","slug":"oftalmologico-2","status":"publish","type":"page","link":"https:\/\/segurosconstitucion.com\/?page_id=4634","title":{"rendered":"Oftalmol\u00f3gico"},"content":{"rendered":"\t\t<div data-elementor-type=\"wp-page\" data-elementor-id=\"4634\" class=\"elementor elementor-4634\">\n\t\t\t\t<div class=\"elementor-element elementor-element-4f1be8cf e-con-full e-flex e-con e-parent\" data-id=\"4f1be8cf\" data-element_type=\"container\" data-settings=\"{&quot;background_background&quot;:&quot;classic&quot;}\">\n\t\t\t\t<div class=\"elementor-element elementor-element-75bb2bd9 elementor-widget__width-initial elementor-widget elementor-widget-heading\" data-id=\"75bb2bd9\" data-element_type=\"widget\" data-widget_type=\"heading.default\">\n\t\t\t\t<div class=\"elementor-widget-container\">\n\t\t\t<style>\/*! elementor - v3.21.0 - 30-04-2024 *\/\n.elementor-heading-title{padding:0;margin:0;line-height:1}.elementor-widget-heading .elementor-heading-title[class*=elementor-size-]>a{color:inherit;font-size:inherit;line-height:inherit}.elementor-widget-heading .elementor-heading-title.elementor-size-small{font-size:15px}.elementor-widget-heading .elementor-heading-title.elementor-size-medium{font-size:19px}.elementor-widget-heading .elementor-heading-title.elementor-size-large{font-size:29px}.elementor-widget-heading .elementor-heading-title.elementor-size-xl{font-size:39px}.elementor-widget-heading .elementor-heading-title.elementor-size-xxl{font-size:59px}<\/style><h2 class=\"elementor-heading-title elementor-size-default\">Contamos con aliados estrat\u00e9gicos para ayudarte ante cualquier eventualidad<\/h2>\t\t<\/div>\n\t\t\t\t<\/div>\n\t\t\t\t<\/div>\n\t\t<div class=\"elementor-element elementor-element-2ca137c e-flex e-con-boxed e-con e-parent\" data-id=\"2ca137c\" data-element_type=\"container\">\n\t\t\t\t\t<div class=\"e-con-inner\">\n\t\t\t\t<div class=\"elementor-element elementor-element-afa657c elementor-widget elementor-widget-image\" data-id=\"afa657c\" data-element_type=\"widget\" data-widget_type=\"image.default\">\n\t\t\t\t<div class=\"elementor-widget-container\">\n\t\t\t<style>\/*! elementor - v3.21.0 - 30-04-2024 *\/\n.elementor-widget-image{text-align:center}.elementor-widget-image a{display:inline-block}.elementor-widget-image a img[src$=\".svg\"]{width:48px}.elementor-widget-image img{vertical-align:middle;display:inline-block}<\/style>\t\t\t\t\t\t\t\t\t\t<img decoding=\"async\" width=\"478\" height=\"100\" src=\"https:\/\/segurosconstitucion.com\/wp-content\/uploads\/titulo_servicios.png\" class=\"attachment-large size-large wp-image-4604\" alt=\"\" \/>\t\t\t\t\t\t\t\t\t\t\t\t\t<\/div>\n\t\t\t\t<\/div>\n\t\t\t\t\t<\/div>\n\t\t\t\t<\/div>\n\t\t<div class=\"elementor-element elementor-element-447df56 e-flex e-con-boxed e-con e-parent\" data-id=\"447df56\" data-element_type=\"container\">\n\t\t\t\t\t<div class=\"e-con-inner\">\n\t\t<div class=\"elementor-element elementor-element-0df2fea e-con-full e-flex e-con e-child\" data-id=\"0df2fea\" data-element_type=\"container\">\n\t\t\t\t<div class=\"elementor-element elementor-element-0a632ca elementor-widget elementor-widget-image\" data-id=\"0a632ca\" data-element_type=\"widget\" data-widget_type=\"image.default\">\n\t\t\t\t<div class=\"elementor-widget-container\">\n\t\t\t\t\t\t\t\t\t\t\t\t\t<img decoding=\"async\" width=\"206\" height=\"206\" src=\"https:\/\/segurosconstitucion.com\/wp-content\/uploads\/oftalmologia.jpg\" class=\"attachment-large size-large wp-image-4638\" alt=\"\" \/>\t\t\t\t\t\t\t\t\t\t\t\t\t<\/div>\n\t\t\t\t<\/div>\n\t\t\t\t<\/div>\n\t\t<div class=\"elementor-element elementor-element-7bdbf26 e-con-full e-flex e-con e-child\" data-id=\"7bdbf26\" data-element_type=\"container\">\n\t\t\t\t<div class=\"elementor-element elementor-element-5563fbc elementor-widget elementor-widget-image\" data-id=\"5563fbc\" data-element_type=\"widget\" data-widget_type=\"image.default\">\n\t\t\t\t<div class=\"elementor-widget-container\">\n\t\t\t\t\t\t\t\t\t\t\t\t\t<img fetchpriority=\"high\" decoding=\"async\" width=\"1087\" height=\"309\" src=\"https:\/\/segurosconstitucion.com\/wp-content\/uploads\/Logo-Oftalnet-peque.png\" class=\"attachment-large size-large wp-image-4637\" alt=\"\" srcset=\"https:\/\/segurosconstitucion.com\/wp-content\/uploads\/Logo-Oftalnet-peque.png 1087w, https:\/\/segurosconstitucion.com\/wp-content\/uploads\/Logo-Oftalnet-peque-768x218.png 768w\" sizes=\"(max-width: 1087px) 100vw, 1087px\" \/>\t\t\t\t\t\t\t\t\t\t\t\t\t<\/div>\n\t\t\t\t<\/div>\n\t\t\t\t<div class=\"elementor-element elementor-element-80e1f3e elementor-widget elementor-widget-text-editor\" data-id=\"80e1f3e\" data-element_type=\"widget\" data-widget_type=\"text-editor.default\">\n\t\t\t\t<div class=\"elementor-widget-container\">\n\t\t\t<style>\/*! elementor - v3.21.0 - 30-04-2024 *\/\n.elementor-widget-text-editor.elementor-drop-cap-view-stacked .elementor-drop-cap{background-color:#69727d;color:#fff}.elementor-widget-text-editor.elementor-drop-cap-view-framed .elementor-drop-cap{color:#69727d;border:3px solid;background-color:transparent}.elementor-widget-text-editor:not(.elementor-drop-cap-view-default) .elementor-drop-cap{margin-top:8px}.elementor-widget-text-editor:not(.elementor-drop-cap-view-default) .elementor-drop-cap-letter{width:1em;height:1em}.elementor-widget-text-editor .elementor-drop-cap{float:left;text-align:center;line-height:1;font-size:50px}.elementor-widget-text-editor .elementor-drop-cap-letter{display:inline-block}<\/style>\t\t\t\t<div class=\"column one-second column_column \"><div class=\"column_attr align_justify\"><div class=\"column two-third column_column \"><div class=\"column_attr\"><div class=\"titulos_fideicomiso\">\u00a0<\/div><p>Garantizamos el servicio oftalmol\u00f3gico por medio de los especialistas que forman parte Oftalnet, a trav\u00e9s de una red en el territorio nacional, garantizando la atenci\u00f3n m\u00e9dica de sus afiliados en todas las \u00e1reas de la salud visual.<\/p><\/div><\/div><\/div><\/div>\t\t\t\t\t\t<\/div>\n\t\t\t\t<\/div>\n\t\t\t\t<\/div>\n\t\t\t\t\t<\/div>\n\t\t\t\t<\/div>\n\t\t\t\t<\/div>\n\t\t","protected":false},"excerpt":{"rendered":"<p>Contamos con aliados estrat\u00e9gicos para ayudarte ante cualquier eventualidad \u00a0 Garantizamos el servicio oftalmol\u00f3gico por medio de los especialistas que forman parte Oftalnet, a trav\u00e9s de una red en el territorio nacional, garantizando la atenci\u00f3n m\u00e9dica de sus afiliados en todas las \u00e1reas de la salud visual.<\/p>\n","protected":false},"author":2,"featured_media":0,"parent":0,"menu_order":0,"comment_status":"closed","ping_status":"closed","template":"elementor_header_footer","meta":{"footnotes":""},"folder":[],"class_list":["post-4634","page","type-page","status-publish","hentry"],"_links":{"self":[{"href":"https:\/\/segurosconstitucion.com\/index.php?rest_route=\/wp\/v2\/pages\/4634","targetHints":{"allow":["GET"]}}],"collection":[{"href":"https:\/\/segurosconstitucion.com\/index.php?rest_route=\/wp\/v2\/pages"}],"about":[{"href":"https:\/\/segurosconstitucion.com\/index.php?rest_route=\/wp\/v2\/types\/page"}],"author":[{"embeddable":true,"href":"https:\/\/segurosconstitucion.com\/index.php?rest_route=\/wp\/v2\/users\/2"}],"replies":[{"embeddable":true,"href":"https:\/\/segurosconstitucion.com\/index.php?rest_route=%2Fwp%2Fv2%2Fcomments&post=4634"}],"version-history":[{"count":7,"href":"https:\/\/segurosconstitucion.com\/index.php?rest_route=\/wp\/v2\/pages\/4634\/revisions"}],"predecessor-version":[{"id":6250,"href":"https:\/\/segurosconstitucion.com\/index.php?rest_route=\/wp\/v2\/pages\/4634\/revisions\/6250"}],"wp:attachment":[{"href":"https:\/\/segurosconstitucion.com\/index.php?rest_route=%2Fwp%2Fv2%2Fmedia&parent=4634"}],"wp:term":[{"taxonomy":"folder","embeddable":true,"href":"https:\/\/segurosconstitucion.com\/index.php?rest_route=%2Fwp%2Fv2%2Ffolder&post=4634"}],"curies":[{"name":"wp","href":"https:\/\/api.w.org\/{rel}","templated":true}]}}